{"id":374,"date":"2019-02-15T19:52:36","date_gmt":"2019-02-15T18:52:36","guid":{"rendered":"http:\/\/www.sinovatec.com\/index.php\/angebote\/"},"modified":"2025-01-31T09:32:41","modified_gmt":"2025-01-31T08:32:41","slug":"angebote","status":"publish","type":"page","link":"https:\/\/www.sinovatec.com\/index.php\/angebote\/","title":{"rendered":"Angebote"},"content":{"rendered":"\t\t<div data-elementor-type=\"wp-post\" data-elementor-id=\"374\" class=\"elementor elementor-374\">\n\t\t\t\t\t\t<section class=\"elementor-section elementor-top-section elementor-element elementor-element-75328ec elementor-section-boxed elementor-section-height-default elementor-section-height-default\" data-id=\"75328ec\" data-element_type=\"section\" data-e-type=\"section\">\n\t\t\t\t\t\t<div class=\"elementor-container elementor-column-gap-default\">\n\t\t\t\t\t<div class=\"elementor-column elementor-col-100 elementor-top-column elementor-element elementor-element-5e0c3ab\" data-id=\"5e0c3ab\" data-element_type=\"column\" data-e-type=\"column\">\n\t\t\t<div class=\"elementor-widget-wrap elementor-element-populated\">\n\t\t\t\t\t\t<div class=\"elementor-element elementor-element-3e86639 elementor-widget elementor-widget-shortcode\" data-id=\"3e86639\" data-element_type=\"widget\" data-e-type=\"widget\" data-widget_type=\"shortcode.default\">\n\t\t\t\t<div class=\"elementor-widget-container\">\n\t\t\t\t\t\t\t<div class=\"elementor-shortcode\"><\/div>\n\t\t\t\t\t\t<\/div>\n\t\t\t\t<\/div>\n\t\t\t\t\t<\/div>\n\t\t<\/div>\n\t\t\t\t\t<\/div>\n\t\t<\/section>\n\t\t\t\t<section class=\"elementor-section elementor-top-section elementor-element elementor-element-d8faaab elementor-section-boxed elementor-section-height-default elementor-section-height-default\" data-id=\"d8faaab\" data-element_type=\"section\" data-e-type=\"section\">\n\t\t\t\t\t\t<div class=\"elementor-container elementor-column-gap-default\">\n\t\t\t\t\t<div class=\"elementor-column elementor-col-50 elementor-top-column elementor-element elementor-element-7a5adf6\" data-id=\"7a5adf6\" data-element_type=\"column\" data-e-type=\"column\">\n\t\t\t<div class=\"elementor-widget-wrap elementor-element-populated\">\n\t\t\t\t\t\t<div class=\"elementor-element elementor-element-e30edbb elementor-position-top elementor-widget elementor-widget-image-box\" data-id=\"e30edbb\" data-element_type=\"widget\" data-e-type=\"widget\" data-widget_type=\"image-box.default\">\n\t\t\t\t<div class=\"elementor-widget-container\">\n\t\t\t\t\t<div class=\"elementor-image-box-wrapper\"><figure class=\"elementor-image-box-img\"><img fetchpriority=\"high\" decoding=\"async\" width=\"1024\" height=\"683\" src=\"https:\/\/www.sinovatec.com\/wp-content\/uploads\/2019\/02\/campaign-creators-1166990-unsplash-1024x683.jpg\" class=\"attachment-large size-large wp-image-470\" alt=\"\" srcset=\"https:\/\/thc7g8njpuiv.wpcdn.shift8cdn.com\/wp-content\/uploads\/2019\/02\/campaign-creators-1166990-unsplash-1024x683.jpg 1024w, https:\/\/thc7g8njpuiv.wpcdn.shift8cdn.com\/wp-content\/uploads\/2019\/02\/campaign-creators-1166990-unsplash-300x200.jpg 300w, https:\/\/thc7g8njpuiv.wpcdn.shift8cdn.com\/wp-content\/uploads\/2019\/02\/campaign-creators-1166990-unsplash-768x512.jpg 768w, https:\/\/thc7g8njpuiv.wpcdn.shift8cdn.com\/wp-content\/uploads\/2019\/02\/campaign-creators-1166990-unsplash.jpg 1200w\" sizes=\"(max-width: 1024px) 100vw, 1024px\" \/><\/figure><div class=\"elementor-image-box-content\"><h3 class=\"elementor-image-box-title\">Internetpreise speziell f\u00fcr Sie!<\/h3><p class=\"elementor-image-box-description\">Ihr Internetanbieter verlangt eine Pauschale ohne die versprochene Leistung zu liefern? Kontaktieren Sie uns, wir stellen ein faires Angebot.<\/p><\/div><\/div>\t\t\t\t<\/div>\n\t\t\t\t<\/div>\n\t\t\t\t\t<\/div>\n\t\t<\/div>\n\t\t\t\t<div class=\"elementor-column elementor-col-50 elementor-top-column elementor-element elementor-element-5e40a45\" data-id=\"5e40a45\" data-element_type=\"column\" data-e-type=\"column\">\n\t\t\t<div class=\"elementor-widget-wrap elementor-element-populated\">\n\t\t\t\t\t\t<div class=\"elementor-element elementor-element-7894c9f elementor-position-top elementor-widget elementor-widget-image-box\" data-id=\"7894c9f\" data-element_type=\"widget\" data-e-type=\"widget\" data-widget_type=\"image-box.default\">\n\t\t\t\t<div class=\"elementor-widget-container\">\n\t\t\t\t\t<div class=\"elementor-image-box-wrapper\"><figure class=\"elementor-image-box-img\"><img decoding=\"async\" width=\"960\" height=\"601\" src=\"https:\/\/www.sinovatec.com\/wp-content\/uploads\/2019\/02\/technology-3435575_960_720.jpg\" class=\"attachment-large size-large wp-image-98\" alt=\"\" srcset=\"https:\/\/thc7g8njpuiv.wpcdn.shift8cdn.com\/wp-content\/uploads\/2019\/02\/technology-3435575_960_720.jpg 960w, https:\/\/thc7g8njpuiv.wpcdn.shift8cdn.com\/wp-content\/uploads\/2019\/02\/technology-3435575_960_720-300x188.jpg 300w, https:\/\/thc7g8njpuiv.wpcdn.shift8cdn.com\/wp-content\/uploads\/2019\/02\/technology-3435575_960_720-768x481.jpg 768w, https:\/\/thc7g8njpuiv.wpcdn.shift8cdn.com\/wp-content\/uploads\/2019\/02\/technology-3435575_960_720-150x94.jpg 150w\" sizes=\"(max-width: 960px) 100vw, 960px\" \/><\/figure><div class=\"elementor-image-box-content\"><h3 class=\"elementor-image-box-title\">Ihnen fehlt die kompetente Betreuung ihres Netzwerks?<\/h3><p class=\"elementor-image-box-description\">Sie suchen Betreuung f\u00fcr ihr Netz? Wir helfen weiter. <br>Mit \u00fcber 20 Jahren Erfahrung in der Betreuung von gro\u00dfen Netzen k\u00f6nnen wir auch ihre Netz sicher, schnell und kosteng\u00fcnstig administrieren.<\/p><\/div><\/div>\t\t\t\t<\/div>\n\t\t\t\t<\/div>\n\t\t\t\t\t<\/div>\n\t\t<\/div>\n\t\t\t\t\t<\/div>\n\t\t<\/section>\n\t\t\t\t<\/div>\n\t\t","protected":false},"excerpt":{"rendered":"<p>Internetpreise speziell f\u00fcr Sie! Ihr Internetanbieter verlangt eine Pauschale ohne die versprochene Leistung zu liefern? Kontaktieren Sie uns, wir stellen ein faires Angebot. Ihnen fehlt die kompetente Betreuung ihres Netzwerks? Sie suchen Betreuung f\u00fcr ihr Netz? Wir helfen weiter. Mit &hellip;<\/p>\n<p class=\"read-more\"> <a class=\"more-link\" href=\"https:\/\/www.sinovatec.com\/index.php\/angebote\/\"> <span class=\"screen-reader-text\">Angebote<\/span> Weiterlesen &raquo;<\/a><\/p>\n","protected":false},"author":2,"featured_media":0,"parent":0,"menu_order":0,"comment_status":"closed","ping_status":"closed","template":"elementor_header_footer","meta":{"footnotes":""},"class_list":["post-374","page","type-page","status-publish","hentry"],"_links":{"self":[{"href":"https:\/\/www.sinovatec.com\/index.php\/wp-json\/wp\/v2\/pages\/374","targetHints":{"allow":["GET"]}}],"collection":[{"href":"https:\/\/www.sinovatec.com\/index.php\/wp-json\/wp\/v2\/pages"}],"about":[{"href":"https:\/\/www.sinovatec.com\/index.php\/wp-json\/wp\/v2\/types\/page"}],"author":[{"embeddable":true,"href":"https:\/\/www.sinovatec.com\/index.php\/wp-json\/wp\/v2\/users\/2"}],"replies":[{"embeddable":true,"href":"https:\/\/www.sinovatec.com\/index.php\/wp-json\/wp\/v2\/comments?post=374"}],"version-history":[{"count":12,"href":"https:\/\/www.sinovatec.com\/index.php\/wp-json\/wp\/v2\/pages\/374\/revisions"}],"predecessor-version":[{"id":786,"href":"https:\/\/www.sinovatec.com\/index.php\/wp-json\/wp\/v2\/pages\/374\/revisions\/786"}],"wp:attachment":[{"href":"https:\/\/www.sinovatec.com\/index.php\/wp-json\/wp\/v2\/media?parent=374"}],"curies":[{"name":"wp","href":"https:\/\/api.w.org\/{rel}","templated":true}]}}