{"id":368,"date":"2019-02-15T19:52:09","date_gmt":"2019-02-15T18:52:09","guid":{"rendered":"http:\/\/www.sinovatec.com\/?page_id=368"},"modified":"2024-07-28T19:50:13","modified_gmt":"2024-07-28T17:50:13","slug":"software","status":"publish","type":"page","link":"https:\/\/www.sinovatec.com\/index.php\/software\/","title":{"rendered":"Software"},"content":{"rendered":"\t\t<div data-elementor-type=\"wp-post\" data-elementor-id=\"368\" class=\"elementor elementor-368\">\n\t\t\t\t\t\t<section class=\"elementor-section elementor-top-section elementor-element elementor-element-7b101c0 elementor-section-boxed elementor-section-height-default elementor-section-height-default\" data-id=\"7b101c0\" data-element_type=\"section\" data-e-type=\"section\">\n\t\t\t\t\t\t<div class=\"elementor-container elementor-column-gap-default\">\n\t\t\t\t\t<div class=\"elementor-column elementor-col-100 elementor-top-column elementor-element elementor-element-426e3ac\" data-id=\"426e3ac\" data-element_type=\"column\" data-e-type=\"column\">\n\t\t\t<div class=\"elementor-widget-wrap elementor-element-populated\">\n\t\t\t\t\t\t<div class=\"elementor-element elementor-element-c34fb37 elementor-widget elementor-widget-shortcode\" data-id=\"c34fb37\" data-element_type=\"widget\" data-e-type=\"widget\" data-widget_type=\"shortcode.default\">\n\t\t\t\t<div class=\"elementor-widget-container\">\n\t\t\t\t\t\t\t<div class=\"elementor-shortcode\"><\/div>\n\t\t\t\t\t\t<\/div>\n\t\t\t\t<\/div>\n\t\t\t\t\t<\/div>\n\t\t<\/div>\n\t\t\t\t\t<\/div>\n\t\t<\/section>\n\t\t\t\t<section class=\"elementor-section elementor-top-section elementor-element elementor-element-08e1735 elementor-section-boxed elementor-section-height-default elementor-section-height-default\" data-id=\"08e1735\" data-element_type=\"section\" data-e-type=\"section\">\n\t\t\t\t\t\t<div class=\"elementor-container elementor-column-gap-default\">\n\t\t\t\t\t<div class=\"elementor-column elementor-col-50 elementor-top-column elementor-element elementor-element-51cf999\" data-id=\"51cf999\" data-element_type=\"column\" data-e-type=\"column\">\n\t\t\t<div class=\"elementor-widget-wrap elementor-element-populated\">\n\t\t\t\t\t\t<div class=\"elementor-element elementor-element-4a3debe elementor-widget elementor-widget-text-editor\" data-id=\"4a3debe\" data-element_type=\"widget\" data-e-type=\"widget\" data-widget_type=\"text-editor.default\">\n\t\t\t\t<div class=\"elementor-widget-container\">\n\t\t\t\t\t\t\t\t\t<h1>Wir sind Ihr Premium Partner f\u00fcr die Odoo Community Edition<\/h1><ul><li>Eigene f\u00fcr den deutschsprachigen Raum (D-A-CH) optimierte Odoo-Version<\/li><li>Zahlreiche Module unter Github verf\u00fcgbar!<\/li><li>Ein deutsches Programmier- und Supportteam mit weltweitem Partnernetzwerk<\/li><li>Investitionssicherheit durch Odoo CE LTS (Long Term Releases)<\/li><li>Wartung, Sicherheit, Stabilit\u00e4t und Updatef\u00e4higkeit auch bei individuellen Anpassungen<\/li><li>Hosting in einem \u00f6sterreichischem Rechenzentrum<\/li><li>Agiles, termintreues und budgetsicheres Projektmanagement bei der Einf\u00fchrung<\/li><li>Software-Pflege-Vertrag mit &#8222;Rundum-Wohlf\u00fchl-Paket&#8220;<\/li><\/ul>\t\t\t\t\t\t\t\t<\/div>\n\t\t\t\t<\/div>\n\t\t\t\t\t<\/div>\n\t\t<\/div>\n\t\t\t\t<div class=\"elementor-column elementor-col-50 elementor-top-column elementor-element elementor-element-e836eba\" data-id=\"e836eba\" data-element_type=\"column\" data-e-type=\"column\">\n\t\t\t<div class=\"elementor-widget-wrap elementor-element-populated\">\n\t\t\t\t\t\t<div class=\"elementor-element elementor-element-bbff1b9 elementor-widget elementor-widget-image\" data-id=\"bbff1b9\" data-element_type=\"widget\" data-e-type=\"widget\" data-widget_type=\"image.default\">\n\t\t\t\t<div class=\"elementor-widget-container\">\n\t\t\t\t\t\t\t\t\t\t\t\t\t\t\t<img fetchpriority=\"high\" decoding=\"async\" width=\"955\" height=\"720\" src=\"https:\/\/www.sinovatec.com\/wp-content\/uploads\/2019\/02\/Auswahl_001.png\" class=\"attachment-large size-large wp-image-464\" alt=\"\" srcset=\"https:\/\/thc7g8njpuiv.wpcdn.shift8cdn.com\/wp-content\/uploads\/2019\/02\/Auswahl_001.png 955w, https:\/\/thc7g8njpuiv.wpcdn.shift8cdn.com\/wp-content\/uploads\/2019\/02\/Auswahl_001-300x226.png 300w, https:\/\/thc7g8njpuiv.wpcdn.shift8cdn.com\/wp-content\/uploads\/2019\/02\/Auswahl_001-768x579.png 768w\" sizes=\"(max-width: 955px) 100vw, 955px\" \/>\t\t\t\t\t\t\t\t\t\t\t\t\t\t\t<\/div>\n\t\t\t\t<\/div>\n\t\t\t\t\t<\/div>\n\t\t<\/div>\n\t\t\t\t\t<\/div>\n\t\t<\/section>\n\t\t\t\t<section class=\"elementor-section elementor-top-section elementor-element elementor-element-82d8f31 elementor-section-boxed elementor-section-height-default elementor-section-height-default\" data-id=\"82d8f31\" data-element_type=\"section\" data-e-type=\"section\">\n\t\t\t\t\t\t<div class=\"elementor-container elementor-column-gap-default\">\n\t\t\t\t\t<div class=\"elementor-column elementor-col-100 elementor-top-column elementor-element elementor-element-1236138\" data-id=\"1236138\" data-element_type=\"column\" data-e-type=\"column\">\n\t\t\t<div class=\"elementor-widget-wrap elementor-element-populated\">\n\t\t\t\t\t\t<div class=\"elementor-element elementor-element-bbe1a9a elementor-widget-divider--view-line elementor-widget elementor-widget-divider\" data-id=\"bbe1a9a\" data-element_type=\"widget\" data-e-type=\"widget\" data-widget_type=\"divider.default\">\n\t\t\t\t<div class=\"elementor-widget-container\">\n\t\t\t\t\t\t\t<div class=\"elementor-divider\">\n\t\t\t<span class=\"elementor-divider-separator\">\n\t\t\t\t\t\t<\/span>\n\t\t<\/div>\n\t\t\t\t\t\t<\/div>\n\t\t\t\t<\/div>\n\t\t\t\t\t<\/div>\n\t\t<\/div>\n\t\t\t\t\t<\/div>\n\t\t<\/section>\n\t\t\t\t<section class=\"elementor-section elementor-top-section elementor-element elementor-element-4bf1904 elementor-section-boxed elementor-section-height-default elementor-section-height-default\" data-id=\"4bf1904\" data-element_type=\"section\" data-e-type=\"section\">\n\t\t\t\t\t\t<div class=\"elementor-container elementor-column-gap-default\">\n\t\t\t\t\t<div class=\"elementor-column elementor-col-50 elementor-top-column elementor-element elementor-element-512b6de\" data-id=\"512b6de\" data-element_type=\"column\" data-e-type=\"column\">\n\t\t\t<div class=\"elementor-widget-wrap elementor-element-populated\">\n\t\t\t\t\t\t<div class=\"elementor-element elementor-element-d1a97b6 elementor-widget elementor-widget-text-editor\" data-id=\"d1a97b6\" data-element_type=\"widget\" data-e-type=\"widget\" data-widget_type=\"text-editor.default\">\n\t\t\t\t<div class=\"elementor-widget-container\">\n\t\t\t\t\t\t\t\t\t<h1>Nextcloud &#8211;\u00a0 Die Groupware<\/h1><p>ist eine <a title=\"Freie Software\" href=\"https:\/\/de.wikipedia.org\/wiki\/Freie_Software\">freie Software<\/a> f\u00fcr das Speichern von Daten (<a title=\"Filehosting\" href=\"https:\/\/de.wikipedia.org\/wiki\/Filehosting\">Filehosting<\/a>) auf einem eigenen <a title=\"Server\" href=\"https:\/\/de.wikipedia.org\/wiki\/Server\">Server<\/a>. Emails, Kontakte und Kalender verwaltet werden. Bei Einsatz eines <a title=\"Client-Server-Modell\" href=\"https:\/\/de.wikipedia.org\/wiki\/Client-Server-Modell\">Clients<\/a> wird der Server automatisch mit einem lokalen Verzeichnis synchronisiert. Dadurch kann von mehreren Rechnern, aber auch \u00fcber eine <a title=\"Webinterface\" href=\"https:\/\/de.wikipedia.org\/wiki\/Webinterface\">Weboberfl\u00e4che<\/a>, auf einen konsistenten Datenbestand zugegriffen werden. Im Gegensatz zu kommerziellen Speicherdiensten wie <a title=\"Dropbox\" href=\"https:\/\/de.wikipedia.org\/wiki\/Dropbox\">Dropbox<\/a> oder <a title=\"Microsoft OneDrive\" href=\"https:\/\/de.wikipedia.org\/wiki\/Microsoft_OneDrive\">OneDrive<\/a> kann Nextcloud auf einem privaten Server oder <a title=\"Webspace\" href=\"https:\/\/de.wikipedia.org\/wiki\/Webspace\">Webspace<\/a> ohne Zusatzkosten installiert werden. Dadurch beh\u00e4lt man die vollst\u00e4ndige Kontrolle \u00fcber seine Daten und die Bedenken gegen\u00fcber einem Datenmissbrauch werden minimiert.<\/p><p>Nextcloud kann \u00fcber eine Weboberfl\u00e4che angesprochen werden, dadurch ist der Benutzer nicht an ein bestimmtes Betriebssystem gebunden. Die Serveranwendung sowie die Clients stehen in \u00fcber 60 Sprachen zur Verf\u00fcgung.<sup id=\"cite_ref-14\" class=\"reference\"><\/sup><\/p>\t\t\t\t\t\t\t\t<\/div>\n\t\t\t\t<\/div>\n\t\t\t\t\t<\/div>\n\t\t<\/div>\n\t\t\t\t<div class=\"elementor-column elementor-col-50 elementor-top-column elementor-element elementor-element-af36007\" data-id=\"af36007\" data-element_type=\"column\" data-e-type=\"column\">\n\t\t\t<div class=\"elementor-widget-wrap elementor-element-populated\">\n\t\t\t\t\t\t<div class=\"elementor-element elementor-element-ddaf668 elementor-widget elementor-widget-image\" data-id=\"ddaf668\" data-element_type=\"widget\" data-e-type=\"widget\" data-widget_type=\"image.default\">\n\t\t\t\t<div class=\"elementor-widget-container\">\n\t\t\t\t\t\t\t\t\t\t\t\t\t\t\t<img decoding=\"async\" width=\"1024\" height=\"576\" src=\"https:\/\/www.sinovatec.com\/wp-content\/uploads\/2019\/02\/nexcloud-calendar-1024x576.png\" class=\"attachment-large size-large wp-image-485\" alt=\"\" srcset=\"https:\/\/thc7g8njpuiv.wpcdn.shift8cdn.com\/wp-content\/uploads\/2019\/02\/nexcloud-calendar-1024x576.png 1024w, https:\/\/thc7g8njpuiv.wpcdn.shift8cdn.com\/wp-content\/uploads\/2019\/02\/nexcloud-calendar-300x169.png 300w, https:\/\/thc7g8njpuiv.wpcdn.shift8cdn.com\/wp-content\/uploads\/2019\/02\/nexcloud-calendar-768x432.png 768w, https:\/\/thc7g8njpuiv.wpcdn.shift8cdn.com\/wp-content\/uploads\/2019\/02\/nexcloud-calendar.png 1200w\" sizes=\"(max-width: 1024px) 100vw, 1024px\" \/>\t\t\t\t\t\t\t\t\t\t\t\t\t\t\t<\/div>\n\t\t\t\t<\/div>\n\t\t\t\t\t<\/div>\n\t\t<\/div>\n\t\t\t\t\t<\/div>\n\t\t<\/section>\n\t\t\t\t<section class=\"elementor-section elementor-top-section elementor-element elementor-element-6fcfe90 elementor-section-boxed elementor-section-height-default elementor-section-height-default\" data-id=\"6fcfe90\" data-element_type=\"section\" data-e-type=\"section\">\n\t\t\t\t\t\t<div class=\"elementor-container elementor-column-gap-default\">\n\t\t\t\t\t<div class=\"elementor-column elementor-col-100 elementor-top-column elementor-element elementor-element-7cb8ae2\" data-id=\"7cb8ae2\" data-element_type=\"column\" data-e-type=\"column\">\n\t\t\t<div class=\"elementor-widget-wrap elementor-element-populated\">\n\t\t\t\t\t\t<div class=\"elementor-element elementor-element-ce465d7 elementor-widget-divider--view-line elementor-widget elementor-widget-divider\" data-id=\"ce465d7\" data-element_type=\"widget\" data-e-type=\"widget\" data-widget_type=\"divider.default\">\n\t\t\t\t<div class=\"elementor-widget-container\">\n\t\t\t\t\t\t\t<div class=\"elementor-divider\">\n\t\t\t<span class=\"elementor-divider-separator\">\n\t\t\t\t\t\t<\/span>\n\t\t<\/div>\n\t\t\t\t\t\t<\/div>\n\t\t\t\t<\/div>\n\t\t\t\t\t<\/div>\n\t\t<\/div>\n\t\t\t\t\t<\/div>\n\t\t<\/section>\n\t\t\t\t<\/div>\n\t\t","protected":false},"excerpt":{"rendered":"<p>Wir sind Ihr Premium Partner f\u00fcr die Odoo Community Edition Eigene f\u00fcr den deutschsprachigen Raum (D-A-CH) optimierte Odoo-Version Zahlreiche Module unter Github verf\u00fcgbar! Ein deutsches Programmier- und Supportteam mit weltweitem Partnernetzwerk Investitionssicherheit durch Odoo CE LTS (Long Term Releases) Wartung, &hellip;<\/p>\n<p class=\"read-more\"> <a class=\"more-link\" href=\"https:\/\/www.sinovatec.com\/index.php\/software\/\"> <span class=\"screen-reader-text\">Software<\/span> Weiterlesen &raquo;<\/a><\/p>\n","protected":false},"author":2,"featured_media":0,"parent":0,"menu_order":0,"comment_status":"closed","ping_status":"closed","template":"elementor_header_footer","meta":{"footnotes":""},"class_list":["post-368","page","type-page","status-publish","hentry"],"_links":{"self":[{"href":"https:\/\/www.sinovatec.com\/index.php\/wp-json\/wp\/v2\/pages\/368","targetHints":{"allow":["GET"]}}],"collection":[{"href":"https:\/\/www.sinovatec.com\/index.php\/wp-json\/wp\/v2\/pages"}],"about":[{"href":"https:\/\/www.sinovatec.com\/index.php\/wp-json\/wp\/v2\/types\/page"}],"author":[{"embeddable":true,"href":"https:\/\/www.sinovatec.com\/index.php\/wp-json\/wp\/v2\/users\/2"}],"replies":[{"embeddable":true,"href":"https:\/\/www.sinovatec.com\/index.php\/wp-json\/wp\/v2\/comments?post=368"}],"version-history":[{"count":10,"href":"https:\/\/www.sinovatec.com\/index.php\/wp-json\/wp\/v2\/pages\/368\/revisions"}],"predecessor-version":[{"id":939,"href":"https:\/\/www.sinovatec.com\/index.php\/wp-json\/wp\/v2\/pages\/368\/revisions\/939"}],"wp:attachment":[{"href":"https:\/\/www.sinovatec.com\/index.php\/wp-json\/wp\/v2\/media?parent=368"}],"curies":[{"name":"wp","href":"https:\/\/api.w.org\/{rel}","templated":true}]}}